{"id":335,"date":"2021-07-12T12:57:04","date_gmt":"2021-07-12T12:57:04","guid":{"rendered":"https:\/\/szablon.pawelkepa.pl\/demo1\/?page_id=335"},"modified":"2026-02-09T14:10:56","modified_gmt":"2026-02-09T13:10:56","slug":"strona-glowna","status":"publish","type":"page","link":"https:\/\/pwbubezpieczenia.pl\/","title":{"rendered":"Strona g\u0142\u00f3wna"},"content":{"rendered":"\n<div class=\"wp-block-getwid-section alignfull alignfull getwid-section-content-custom-width\"><div class=\"wp-block-getwid-section__wrapper getwid-padding-left-medium getwid-padding-right-medium\" style=\"padding-top:100px;padding-bottom:0px\"><div class=\"wp-block-getwid-section__inner-wrapper\" style=\"max-width:1140px\"><div class=\"wp-block-getwid-section__background-holder\"><div class=\"wp-block-getwid-section__background\"><\/div><div class=\"wp-block-getwid-section__foreground\"><\/div><\/div><div class=\"wp-block-getwid-section__content\"><div class=\"wp-block-getwid-section__inner-content\">\n<div class=\"wp-block-columns is-layout-flex wp-container-core-columns-is-layout-9d6595d7 wp-block-columns-is-layout-flex\">\n<div class=\"wp-block-column is-layout-flow wp-block-column-is-layout-flow\">\n<div class=\"wp-block-getwid-advanced-heading\" style=\"margin-bottom:30px;margin-top:10px\"><h2 class=\"wp-block-getwid-advanced-heading__content\" style=\"text-align:left\">Co nas wyr\u00f3\u017cnia?<\/h2><\/div>\n\n\n\n<div style=\"height:30px\" aria-hidden=\"true\" class=\"wp-block-spacer\"><\/div>\n\n\n\n<p class=\"has-white-color has-text-color has-link-color wp-elements-95f943a739152c25504b2250af716d45\">Ubezpieczenia komunikacyjne, maj\u0105tkowe, na \u017cycie, turystyczne i firmowe &#8211; wszystko w jednym miejscu. PWB Grupa Doradcza to Tw\u00f3j partner w \u015bwiecie ubezpiecze\u0144. Dzia\u0142amy na terenie ca\u0142ej Polski.<\/p>\n\n\n\n<div class=\"wp-block-getwid-icon-box has-icon-left has-text-left\"><div style=\"margin-top:-25px\" class=\"wp-block-getwid-icon-box__icon-container is-position-middle\"><div class=\"wp-block-getwid-icon-box__icon-wrapper has-text-color\" style=\"font-size:20px;color:#041686\"><i class=\"fas fa-check\"><\/i><\/div><\/div><div class=\"wp-block-getwid-icon-box__content\">\n<p class=\"has-white-color has-text-color has-link-color wp-elements-2f3eabfc9ac83c44350f8379ca620400\">Szeroka oferta wszystkich typ\u00f3w ubezpiecze\u0144<\/p>\n<\/div><\/div>\n\n\n\n<div class=\"wp-block-getwid-icon-box has-icon-left has-text-left\"><div style=\"margin-top:-25px\" class=\"wp-block-getwid-icon-box__icon-container is-position-middle\"><div class=\"wp-block-getwid-icon-box__icon-wrapper has-text-color\" style=\"font-size:20px;color:#041686\"><i class=\"fas fa-check\"><\/i><\/div><\/div><div class=\"wp-block-getwid-icon-box__content\">\n<p class=\"has-white-color has-text-color has-link-color wp-elements-91a8366d0274f23ff1a507bc7bc89f44\">Doradztwo dopasowane do Twoich potrzeb<\/p>\n<\/div><\/div>\n\n\n\n<div class=\"wp-block-getwid-icon-box has-icon-left has-text-left\"><div style=\"margin-top:-25px\" class=\"wp-block-getwid-icon-box__icon-container is-position-middle\"><div class=\"wp-block-getwid-icon-box__icon-wrapper has-text-color\" style=\"font-size:20px;color:#041686\"><i class=\"fas fa-check\"><\/i><\/div><\/div><div class=\"wp-block-getwid-icon-box__content\">\n<p class=\"has-white-color has-text-color has-link-color wp-elements-cf92c28b6b7fdca7fdd8f8e9462ba12a\">Szybka obs\u0142uga i minimum formalno\u015bci<\/p>\n<\/div><\/div>\n\n\n\n<div class=\"wp-block-buttons is-layout-flex wp-block-buttons-is-layout-flex\">\n<div class=\"wp-block-button\"><a class=\"wp-block-button__link has-white-background-color has-text-color has-background has-link-color wp-element-button\" href=\"https:\/\/pwbubezpieczenia.pl\/?page_id=64\" style=\"border-radius:1px;color:#828130\" target=\"_blank\" rel=\"noreferrer noopener\"><strong>Napisz do nas<\/strong><\/a><\/div>\n<\/div>\n\n\n\n<div style=\"height:80px\" aria-hidden=\"true\" class=\"wp-block-spacer\"><\/div>\n<\/div>\n\n\n\n<div class=\"wp-block-column is-layout-flow wp-block-column-is-layout-flow\">\n<figure class=\"wp-block-image size-large roundedimg is-style-default\"><img loading=\"lazy\" decoding=\"async\" width=\"1024\" height=\"1024\" src=\"https:\/\/pwbubezpieczenia.pl\/wp-content\/uploads\/2025\/10\/Projekt-bez-nazwy-2-1024x1024.jpg\" alt=\"\" class=\"wp-image-921\" title=\"\" srcset=\"https:\/\/pwbubezpieczenia.pl\/wp-content\/uploads\/2025\/10\/Projekt-bez-nazwy-2-1024x1024.jpg 1024w, https:\/\/pwbubezpieczenia.pl\/wp-content\/uploads\/2025\/10\/Projekt-bez-nazwy-2-300x300.jpg 300w, https:\/\/pwbubezpieczenia.pl\/wp-content\/uploads\/2025\/10\/Projekt-bez-nazwy-2-150x150.jpg 150w, https:\/\/pwbubezpieczenia.pl\/wp-content\/uploads\/2025\/10\/Projekt-bez-nazwy-2-768x768.jpg 768w, https:\/\/pwbubezpieczenia.pl\/wp-content\/uploads\/2025\/10\/Projekt-bez-nazwy-2-1536x1536.jpg 1536w, https:\/\/pwbubezpieczenia.pl\/wp-content\/uploads\/2025\/10\/Projekt-bez-nazwy-2.jpg 1654w\" sizes=\"auto, (max-width: 1024px) 100vw, 1024px\" \/><\/figure>\n\n\n\n<div style=\"height:20px\" aria-hidden=\"true\" class=\"wp-block-spacer\"><\/div>\n<\/div>\n<\/div>\n<\/div><\/div><\/div><\/div><\/div>\n\n\n\n<div class=\"wp-block-getwid-section alignfull alignfull getwid-section-content-custom-width\"><div class=\"wp-block-getwid-section__wrapper getwid-padding-left-medium getwid-padding-right-medium getwid-padding-tablet-bottom-medium getwid-padding-mobile-bottom-medium\" style=\"padding-top:80px;padding-bottom:40px\"><div class=\"wp-block-getwid-section__inner-wrapper\" style=\"max-width:1140px\"><div class=\"wp-block-getwid-section__background-holder\"><div class=\"wp-block-getwid-section__background has-background has-white-background-color\"><\/div><div class=\"wp-block-getwid-section__foreground\" style=\"opacity:0;background-color:#ffffff\"><\/div><\/div><div class=\"wp-block-getwid-section__content\"><div class=\"wp-block-getwid-section__inner-content\">\n<div class=\"wp-block-getwid-advanced-heading\" style=\"margin-bottom:0px;margin-top:0px\"><span class=\"wp-block-getwid-advanced-heading__content has-text-color\" style=\"text-align:center;color:#041686\"><\/span><\/div>\n\n\n\n<div class=\"wp-block-getwid-advanced-heading\" style=\"margin-bottom:30px;margin-top:10px\"><h2 class=\"wp-block-getwid-advanced-heading__content\" style=\"text-align:center\">Dlaczego warto ubezpieczy\u0107 si\u0119 u nas?<\/h2><\/div>\n\n\n\n<p class=\"has-text-align-center\"><br>Pomagamy Klientom w wyborze ubezpiecze\u0144, kt\u00f3re naprawd\u0119 chroni\u0105.<br>Wsp\u00f3\u0142pracujemy z wiod\u0105cymi Towarzystwami Ubezpieczeniowymi,<br>by zapewni\u0107 Ci najlepsze warunki i kompleksowe wsparcie na ka\u017cdym etapie.<\/p>\n\n\n\n<div class=\"wp-block-getwid-advanced-spacer\" style=\"height:20px\" aria-hidden=\"true\"><\/div>\n\n\n\n<div class=\"wp-block-columns has-2-columns is-layout-flex wp-container-core-columns-is-layout-9d6595d7 wp-block-columns-is-layout-flex\">\n<div class=\"wp-block-column is-layout-flow wp-block-column-is-layout-flow\">\n<div class=\"wp-block-getwid-icon-box has-text-center\"><div class=\"wp-block-getwid-icon-box__icon-container has-layout-stacked is-position-top\"><div class=\"wp-block-getwid-icon-box__icon-wrapper has-background has-text-color has-white-color\" style=\"font-size:26px;padding:20px;background-color:#828130\"><i class=\"fas fa-home\"><\/i><\/div><\/div><div class=\"wp-block-getwid-icon-box__content\">\n<h5 class=\"wp-block-heading\">Ubezpieczenia maj\u0105tkowe i firmowe<\/h5>\n\n\n\n<p class=\"has-text-align-center\">Zadbaj o sw\u00f3j dom, mieszkanie lub firm\u0119. Polisy maj\u0105tkowe zabezpiecz\u0105 Ci\u0119 przed skutkami zdarze\u0144 losowych, kradzie\u017cy i zniszcze\u0144.<\/p>\n<\/div><\/div>\n<\/div>\n\n\n\n<div class=\"wp-block-column is-layout-flow wp-block-column-is-layout-flow\">\n<div class=\"wp-block-getwid-icon-box has-text-center\"><div class=\"wp-block-getwid-icon-box__icon-container has-layout-stacked is-position-top\"><div class=\"wp-block-getwid-icon-box__icon-wrapper has-background has-text-color has-white-color\" style=\"font-size:26px;padding:20px;background-color:#828130\"><i class=\"fas fa-car\"><\/i><\/div><\/div><div class=\"wp-block-getwid-icon-box__content\">\n<h5 class=\"wp-block-heading\">Ubezpieczenia komunikacyjne<\/h5>\n\n\n\n<p class=\"has-text-align-center\">Chronimy kierowc\u00f3w i ich pojazdy &#8211; od OC i AC po Assistance i NNW. Polisy dla aut prywatnych, leasingowych oraz flot.<\/p>\n<\/div><\/div>\n<\/div>\n\n\n\n<div class=\"wp-block-column is-layout-flow wp-block-column-is-layout-flow\">\n<div class=\"wp-block-getwid-icon-box has-text-center\"><div class=\"wp-block-getwid-icon-box__icon-container has-layout-stacked is-position-top\"><div class=\"wp-block-getwid-icon-box__icon-wrapper has-background has-text-color has-white-color\" style=\"font-size:26px;padding:20px;background-color:#828130\"><i class=\"far fa-money-bill-alt\"><\/i><\/div><\/div><div class=\"wp-block-getwid-icon-box__content\">\n<h5 class=\"wp-block-heading\">Ubezpieczenia zdrowotne i na \u017cycie<\/h5>\n\n\n\n<p class=\"has-text-align-center\">Pomagamy wybra\u0107 rozwi\u0105zania, kt\u00f3re zapewni\u0105 bezpiecze\u0144stwo finansowe w trudnych momentach.<\/p>\n<\/div><\/div>\n<\/div>\n\n\n\n<div class=\"wp-block-column is-layout-flow wp-block-column-is-layout-flow\">\n<div class=\"wp-block-getwid-icon-box has-text-center\"><div class=\"wp-block-getwid-icon-box__icon-container has-layout-stacked is-position-top\"><div class=\"wp-block-getwid-icon-box__icon-wrapper has-background has-text-color has-white-color\" style=\"font-size:26px;padding:20px;background-color:#828130\"><i class=\"far fa-clipboard\"><\/i><\/div><\/div><div class=\"wp-block-getwid-icon-box__content\">\n<h5 class=\"wp-block-heading\">Ubezpieczenia Odpowiedzialno\u015bci Cywilnej<\/h5>\n\n\n\n<p class=\"has-text-align-center\">Ochrona przed kosztami od szk\u00f3d wyrz\u0105dzonych osobom trzecim &#8211; zar\u00f3wno w \u017cyciu prywatnym, jak i zawodowym.<\/p>\n<\/div><\/div>\n<\/div>\n<\/div>\n<\/div><\/div><\/div><\/div><\/div>\n\n\n\n<div class=\"wp-block-getwid-section alignfull alignfull getwid-section-content-custom-width\"><div class=\"wp-block-getwid-section__wrapper getwid-padding-left-medium getwid-padding-right-medium\" style=\"padding-top:80px;padding-bottom:0px\"><div class=\"wp-block-getwid-section__inner-wrapper\" style=\"max-width:1140px\"><div class=\"wp-block-getwid-section__background-holder\"><div class=\"wp-block-getwid-section__background has-background\" style=\"background-color:#828130\"><\/div><div class=\"wp-block-getwid-section__foreground\" style=\"opacity:0;background-color:#ffffff\"><\/div><\/div><div class=\"wp-block-getwid-section__content\"><div class=\"wp-block-getwid-section__inner-content\">\n<div class=\"wp-block-getwid-advanced-heading\" style=\"margin-bottom:0px;margin-top:0px\"><span class=\"wp-block-getwid-advanced-heading__content has-text-color\" style=\"text-align:center;color:#041686\"><\/span><\/div>\n\n\n\n<div class=\"wp-block-getwid-advanced-heading\" style=\"margin-bottom:30px;margin-top:10px\"><h2 class=\"wp-block-getwid-advanced-heading__content\" style=\"text-align:center\">Co Klienci m\u00f3wi\u0105 o nas<\/h2><\/div>\n\n\n\n<div class=\"wp-block-getwid-advanced-spacer\" style=\"height:50px\" aria-hidden=\"true\"><\/div>\n\n\n\n<div class=\"wp-block-columns has-2-columns has-black-color has-text-color has-link-color wp-elements-39369ab08aac68da204eb163f6704d2c is-layout-flex wp-container-core-columns-is-layout-9d6595d7 wp-block-columns-is-layout-flex\">\n<div class=\"wp-block-column is-layout-flow wp-block-column-is-layout-flow\">\n<div class=\"wp-block-getwid-testimonial has-image\"><div class=\"wp-block-getwid-testimonial__wrapper\"><div class=\"wp-block-getwid-testimonial__content-wrapper\"><p class=\"wp-block-getwid-testimonial__content\"><mark style=\"background-color:rgba(0, 0, 0, 0)\" class=\"has-inline-color has-black-color\">Doskona\u0142a obs\u0142uga i kontakt z klientem. Ostatnio kilka razy kupowa\u0142em ubezpieczenie podr\u00f3\u017cy oraz na samoch\u00f3d, wszystko potrzebowa\u0142em na ostatni\u0105 chwil\u0119 i nie by\u0142o \u017cadnego problemu. Dodatkowo oferty, kt\u00f3re dosta\u0142em by\u0142y bardzo atrakcyjne.<br>Korzystam prywatnie i jako firma.<\/mark><\/p><\/div><div class=\"wp-block-getwid-testimonial__header\"><div class=\"wp-block-getwid-testimonial__image-wrapper\"><div class=\"wp-block-getwid-testimonial__image\"><img loading=\"lazy\" decoding=\"async\" width=\"150\" height=\"150\" src=\"https:\/\/pwbubezpieczenia.pl\/wp-content\/uploads\/2025\/12\/pexels-nabil-barry-1526605274-35239491-150x150.jpg\" alt=\"\" class=\"wp-image-1007\"\/><\/div><\/div><div class=\"wp-block-getwid-testimonial__heading\"><span class=\"wp-block-getwid-testimonial__title\"><strong>Maciej<\/strong><\/span><span class=\"wp-block-getwid-testimonial__subtitle\"><mark style=\"background-color:rgba(0, 0, 0, 0)\" class=\"has-inline-color has-white-color\">Klient<\/mark><\/span><\/div><\/div><\/div><\/div>\n\n\n\n<div style=\"height:60px\" aria-hidden=\"true\" class=\"wp-block-spacer\"><\/div>\n<\/div>\n\n\n\n<div class=\"wp-block-column has-white-color has-text-color has-link-color wp-elements-0dc2420bbc3cfeedaf12f4201273b456 is-layout-flow wp-block-column-is-layout-flow\">\n<div class=\"wp-block-getwid-testimonial has-image\"><div class=\"wp-block-getwid-testimonial__wrapper\"><div class=\"wp-block-getwid-testimonial__content-wrapper\"><p class=\"wp-block-getwid-testimonial__content\"><mark style=\"background-color:rgba(0, 0, 0, 0)\" class=\"has-inline-color has-black-color\">Zesp\u00f3\u0142 profesjonalnych doradc\u00f3w pom\u00f3g\u0142 mi wybra\u0107 odpowiednie ubezpieczenie, dostosowane do moich potrzeb. Ca\u0142y proces przebieg\u0142 sprawnie i bezproblemowo, a pracownicy wykazali si\u0119 du\u017c\u0105 cierpliwo\u015bci\u0105 i zaanga\u017cowaniem, odpowiadaj\u0105c na wszystkie moje pytania. Czu\u0142em si\u0119 dobrze poinformowany i pewny, \u017ce podj\u0105\u0142em najlepsz\u0105 decyzj\u0119. Zdecydowanie polecam t\u0119 firm\u0119 ka\u017cdemu, kto szuka rzetelnego doradztwa ubezpieczeniowego!<\/mark><\/p><\/div><div class=\"wp-block-getwid-testimonial__header\"><div class=\"wp-block-getwid-testimonial__image-wrapper\"><div class=\"wp-block-getwid-testimonial__image\"><img loading=\"lazy\" decoding=\"async\" width=\"150\" height=\"150\" src=\"https:\/\/pwbubezpieczenia.pl\/wp-content\/uploads\/2025\/12\/pexels-cottonbro-8441557-150x150.jpg\" alt=\"\" class=\"wp-image-1008\"\/><\/div><\/div><div class=\"wp-block-getwid-testimonial__heading\"><span class=\"wp-block-getwid-testimonial__title\"><strong><mark style=\"background-color:rgba(0, 0, 0, 0)\" class=\"has-inline-color has-black-color\">Hubert<\/mark><\/strong><\/span><span class=\"wp-block-getwid-testimonial__subtitle\"><mark style=\"background-color:rgba(0, 0, 0, 0)\" class=\"has-inline-color has-white-color\">Klient<\/mark><\/span><\/div><\/div><\/div><\/div>\n\n\n\n<div style=\"height:60px\" aria-hidden=\"true\" class=\"wp-block-spacer\"><\/div>\n<\/div>\n<\/div>\n<\/div><\/div><\/div><\/div><\/div>\n\n\n\n<div class=\"wp-block-getwid-section alignfull getwid-margin-top-none getwid-section-content-custom-width\"><div class=\"wp-block-getwid-section__wrapper getwid-padding-top-large getwid-padding-bottom-large getwid-padding-left-medium getwid-padding-right-medium\" style=\"min-height:70vh\"><div class=\"wp-block-getwid-section__inner-wrapper\" style=\"max-width:1140px\"><div class=\"wp-block-getwid-section__background-holder\"><div class=\"wp-block-getwid-section__background\" style=\"background-image:url('https:\/\/pwbubezpieczenia.pl\/wp-content\/uploads\/2022\/09\/portrait-brunette-woman-her-car.jpg');background-position:top center\"><div class=\"wp-block-getwid-section__background-image-wrapper\"><img decoding=\"async\" class=\"wp-block-getwid-section__background-image\" src=\"https:\/\/pwbubezpieczenia.pl\/wp-content\/uploads\/2022\/09\/portrait-brunette-woman-her-car.jpg\" alt=\"\"\/><\/div><\/div><div class=\"wp-block-getwid-section__foreground\" style=\"opacity:0.65;background-color:#000000\"><\/div><\/div><div class=\"wp-block-getwid-section__content\"><div class=\"wp-block-getwid-section__inner-content\">\n<div class=\"wp-block-getwid-advanced-heading\" style=\"margin-bottom:0px;margin-top:0px\"><span class=\"wp-block-getwid-advanced-heading__content has-text-color\" style=\"text-align:left;color:#ffffff\">Zainteresowany?<\/span><\/div>\n\n\n\n<div class=\"wp-block-getwid-advanced-heading\" style=\"margin-bottom:30px;margin-top:10px\"><h2 class=\"wp-block-getwid-advanced-heading__content has-text-color\" style=\"text-align:left;color:#ffffff\">Skontaktuj si\u0119 z nami i poznaj najlepsz\u0105 ofert\u0119!<\/h2><\/div>\n\n\n\n<div class=\"wp-block-getwid-advanced-spacer\" style=\"height:40px\" aria-hidden=\"true\"><\/div>\n\n\n\n<div class=\"wp-block-buttons is-horizontal is-content-justification-left is-layout-flex wp-container-core-buttons-is-layout-7e5fce0a wp-block-buttons-is-layout-flex\">\n<div class=\"wp-block-button\"><a class=\"wp-block-button__link has-white-background-color has-text-color has-background wp-element-button\" href=\"https:\/\/pwbubezpieczenia.pl\/?page_id=64\" style=\"border-radius:1px;color:#828130\" target=\"_blank\" rel=\"noreferrer noopener\"><strong>Napisz do nas<\/strong><\/a><\/div>\n<\/div>\n<\/div><\/div><\/div><\/div><\/div>\n\n\n\n\n\n<p><\/p>\n","protected":false},"excerpt":{"rendered":"","protected":false},"author":1,"featured_media":442,"parent":0,"menu_order":0,"comment_status":"closed","ping_status":"closed","template":"","meta":{"footnotes":""},"class_list":["post-335","page","type-page","status-publish","has-post-thumbnail","hentry"],"_links":{"self":[{"href":"https:\/\/pwbubezpieczenia.pl\/index.php?rest_route=\/wp\/v2\/pages\/335","targetHints":{"allow":["GET"]}}],"collection":[{"href":"https:\/\/pwbubezpieczenia.pl\/index.php?rest_route=\/wp\/v2\/pages"}],"about":[{"href":"https:\/\/pwbubezpieczenia.pl\/index.php?rest_route=\/wp\/v2\/types\/page"}],"author":[{"embeddable":true,"href":"https:\/\/pwbubezpieczenia.pl\/index.php?rest_route=\/wp\/v2\/users\/1"}],"replies":[{"embeddable":true,"href":"https:\/\/pwbubezpieczenia.pl\/index.php?rest_route=%2Fwp%2Fv2%2Fcomments&post=335"}],"version-history":[{"count":33,"href":"https:\/\/pwbubezpieczenia.pl\/index.php?rest_route=\/wp\/v2\/pages\/335\/revisions"}],"predecessor-version":[{"id":1096,"href":"https:\/\/pwbubezpieczenia.pl\/index.php?rest_route=\/wp\/v2\/pages\/335\/revisions\/1096"}],"wp:featuredmedia":[{"embeddable":true,"href":"https:\/\/pwbubezpieczenia.pl\/index.php?rest_route=\/wp\/v2\/media\/442"}],"wp:attachment":[{"href":"https:\/\/pwbubezpieczenia.pl\/index.php?rest_route=%2Fwp%2Fv2%2Fmedia&parent=335"}],"curies":[{"name":"wp","href":"https:\/\/api.w.org\/{rel}","templated":true}]}}